{"id":17,"date":"2024-07-24T17:07:34","date_gmt":"2024-07-24T17:07:34","guid":{"rendered":"https:\/\/digitalstamps.revertechs.com\/?page_id=17"},"modified":"2024-07-24T17:07:34","modified_gmt":"2024-07-24T17:07:34","slug":"servicios","status":"publish","type":"page","link":"https:\/\/digitalstamps.revertechs.com\/?page_id=17","title":{"rendered":"Servicios"},"content":{"rendered":"<p>[et_pb_section fb_built=\u00bb1&#8243; admin_label=\u00bbHero\u00bb _builder_version=\u00bb4.17.6&#8243; _module_preset=\u00bbdefault\u00bb hover_enabled=\u00bb0&#8243; locked=\u00bboff\u00bb template_type=\u00bbsection\u00bb collapsed=\u00bbon\u00bb global_colors_info=\u00bb{}\u00bb][et_pb_row column_structure=\u00bb1_2,1_2&#8243; _builder_version=\u00bb4.24.2&#8243; _module_preset=\u00bb5138c454-be54-4233-bd3b-f8e6a8747976&#8243; hover_enabled=\u00bb0&#8243; locked=\u00bboff\u00bb global_colors_info=\u00bb{}\u00bb][et_pb_column type=\u00bb1_2&#8243; _builder_version=\u00bb4.23.1&#8243; _module_preset=\u00bb73121f80-a3ef-4484-8763-c3f18e3c56d2&#8243; hover_enabled=\u00bb0&#8243; global_colors_info=\u00bb{}\u00bb][et_pb_heading title=\u00bbSoluciones Digitales para Filatelistas Modernos\u00bb _builder_version=\u00bb4.24.2&#8243; _module_preset=\u00bbf0c675ea-2574-4d0e-b725-30f8550a8550&#8243; title_text_color=\u00bbgcid-primary-color\u00bb hover_enabled=\u00bb0&#8243; locked=\u00bboff\u00bb global_colors_info=\u00bb{%22gcid-primary-color%22:%91%22title_text_color%22%93}\u00bb][\/et_pb_heading][et_pb_heading title=\u00bbTransforma tu Colecci\u00f3n de Sellos con Tecnolog\u00eda Avanzada\u00bb _builder_version=\u00bb4.24.3&#8243; _module_preset=\u00bbddeb8c09-9078-4424-bc15-2efb6572e28e\u00bb hover_enabled=\u00bb0&#8243; locked=\u00bboff\u00bb global_colors_info=\u00bb{}\u00bb][\/et_pb_heading][et_pb_text _builder_version=\u00bb4.24.2&#8243; _module_preset=\u00bb2c55a9c4-feed-423b-9edb-ae0b5b365cac\u00bb hover_enabled=\u00bb0&#8243; locked=\u00bboff\u00bb global_colors_info=\u00bb{}\u00bb]<\/p>\n<p>Descubre c\u00f3mo nuestros servicios de inform\u00e1tica aplicada a la filatelia pueden optimizar y proteger tu colecci\u00f3n de sellos.<\/p>\n<p>[\/et_pb_text][et_pb_button button_text=\u00bbExplorar Servicios\u00bb _builder_version=\u00bb4.24.2&#8243; _module_preset=\u00bb1bffc0fc-42a0-49d1-bd9a-ae3ade2d7206&#8243; hover_enabled=\u00bb0&#8243; locked=\u00bboff\u00bb global_colors_info=\u00bb{}\u00bb][\/et_pb_button][\/et_pb_column][et_pb_column type=\u00bb1_2&#8243; _builder_version=\u00bb4.23.1&#8243; _module_preset=\u00bb73121f80-a3ef-4484-8763-c3f18e3c56d2&#8243; hover_enabled=\u00bb0&#8243; global_colors_info=\u00bb{}\u00bb][et_pb_image src=\u00bbhttps:\/\/digitalstamps.revertechs.com\/wp-content\/uploads\/2024\/07\/0-2761c7bc-3bed-4826-9876-a9f312c9e327-800&#215;800.jpg\u00bb title_text=\u00bb800&#215;800&#8243; _builder_version=\u00bb4.25.2&#8243; _module_preset=\u00bb1cc6152f-565c-4c4d-b0c9-cf8c9576c341&#8243; hover_enabled=\u00bb0&#8243; box_shadow_style=\u00bbpreset4&#8243; box_shadow_horizontal=\u00bb0px\u00bb box_shadow_vertical=\u00bb24px\u00bb box_shadow_blur=\u00bb72px\u00bb box_shadow_spread=\u00bb-12px\u00bb locked=\u00bboff\u00bb global_colors_info=\u00bb{}\u00bb][\/et_pb_image][\/et_pb_column][\/et_pb_row][\/et_pb_section][et_pb_section fb_built=\u00bb1&#8243; specialty=\u00bbon\u00bb admin_label=\u00bbServices\u00bb _builder_version=\u00bb4.17.6&#8243; _module_preset=\u00bbdefault\u00bb hover_enabled=\u00bb0&#8243; locked=\u00bboff\u00bb template_type=\u00bbsection\u00bb collapsed=\u00bbon\u00bb global_colors_info=\u00bb{}\u00bb][et_pb_column type=\u00bb2_3&#8243; specialty_columns=\u00bb2&#8243; _builder_version=\u00bb4.16&#8243; _module_preset=\u00bbdefault\u00bb custom_padding=\u00bb|||\u00bb hover_enabled=\u00bb0&#8243; global_colors_info=\u00bb{}\u00bb custom_padding__hover=\u00bb|||\u00bb][et_pb_row_inner _builder_version=\u00bb4.17.6&#8243; _module_preset=\u00bbdefault\u00bb hover_enabled=\u00bb0&#8243; global_colors_info=\u00bb{}\u00bb][et_pb_column_inner type=\u00bb4_4&#8243; saved_specialty_column_type=\u00bb2_3&#8243; _builder_version=\u00bb4.16&#8243; _module_preset=\u00bb73121f80-a3ef-4484-8763-c3f18e3c56d2&#8243; hover_enabled=\u00bb0&#8243; global_colors_info=\u00bb{}\u00bb][et_pb_heading title=\u00bbNuestros Servicios\u00bb _builder_version=\u00bb4.24.2&#8243; _module_preset=\u00bbc33f07d9-41e0-421a-8799-5799df695cce\u00bb hover_enabled=\u00bb0&#8243; locked=\u00bboff\u00bb global_colors_info=\u00bb{}\u00bb][\/et_pb_heading][\/et_pb_column_inner][\/et_pb_row_inner][et_pb_row_inner column_structure=\u00bb1_2,1_2&#8243; _builder_version=\u00bb4.17.6&#8243; _module_preset=\u00bbdefault\u00bb hover_enabled=\u00bb0&#8243; locked=\u00bboff\u00bb global_colors_info=\u00bb{}\u00bb][et_pb_column_inner type=\u00bb1_2&#8243; saved_specialty_column_type=\u00bb2_3&#8243; _builder_version=\u00bb4.17.6&#8243; _module_preset=\u00bb73121f80-a3ef-4484-8763-c3f18e3c56d2&#8243; hover_enabled=\u00bb0&#8243; global_colors_info=\u00bb{}\u00bb][et_pb_blurb title=\u00bbCatalogaci\u00f3n Digital de Sellos\u00bb use_icon=\u00bbon\u00bb font_icon=\u00bb&#xf00e;||fa||900&#8243; _builder_version=\u00bb4.24.3&#8243; _module_preset=\u00bb65059203-12d3-44f6-8371-3f5cf61a0475&#8243; hover_enabled=\u00bb0&#8243; locked=\u00bboff\u00bb global_colors_info=\u00bb{}\u00bb]<\/p>\n<p>Organiza y gestiona tu colecci\u00f3n de sellos con nuestra avanzada herramienta de catalogaci\u00f3n digital. Beneficios: acceso r\u00e1pido, b\u00fasqueda eficiente y seguridad mejorada.<\/p>\n<p>[\/et_pb_blurb][\/et_pb_column_inner][et_pb_column_inner type=\u00bb1_2&#8243; saved_specialty_column_type=\u00bb2_3&#8243; _builder_version=\u00bb4.16&#8243; _module_preset=\u00bb73121f80-a3ef-4484-8763-c3f18e3c56d2&#8243; hover_enabled=\u00bb0&#8243; global_colors_info=\u00bb{}\u00bb][et_pb_blurb title=\u00bbValoraci\u00f3n y Tasaci\u00f3n\u00bb use_icon=\u00bbon\u00bb font_icon=\u00bb&#xe04a;||divi||400&#8243; _builder_version=\u00bb4.24.3&#8243; _module_preset=\u00bb65059203-12d3-44f6-8371-3f5cf61a0475&#8243; hover_enabled=\u00bb0&#8243; locked=\u00bboff\u00bb global_colors_info=\u00bb{}\u00bb]<\/p>\n<p>Obt\u00e9n valoraciones precisas y actualizadas de tus sellos con nuestra tecnolog\u00eda de tasaci\u00f3n automatizada. Beneficios: precios justos, informes detallados y asesoramiento profesional.<\/p>\n<p>[\/et_pb_blurb][\/et_pb_column_inner][\/et_pb_row_inner][et_pb_row_inner column_structure=\u00bb1_2,1_2&#8243; _builder_version=\u00bb4.17.6&#8243; _module_preset=\u00bbdefault\u00bb hover_enabled=\u00bb0&#8243; locked=\u00bboff\u00bb global_colors_info=\u00bb{}\u00bb][et_pb_column_inner type=\u00bb1_2&#8243; saved_specialty_column_type=\u00bb2_3&#8243; _builder_version=\u00bb4.16&#8243; _module_preset=\u00bb73121f80-a3ef-4484-8763-c3f18e3c56d2&#8243; hover_enabled=\u00bb0&#8243; global_colors_info=\u00bb{}\u00bb][et_pb_blurb title=\u00bbRestauraci\u00f3n Digital\u00bb use_icon=\u00bbon\u00bb font_icon=\u00bb&#xf6e2;||fa||900&#8243; _builder_version=\u00bb4.24.3&#8243; _module_preset=\u00bb65059203-12d3-44f6-8371-3f5cf61a0475&#8243; hover_enabled=\u00bb0&#8243; locked=\u00bboff\u00bb global_colors_info=\u00bb{}\u00bb]<\/p>\n<p>Preserva la integridad de tus sellos antiguos mediante t\u00e9cnicas de restauraci\u00f3n digital. Beneficios: conservaci\u00f3n sin contacto, mejora de la calidad visual y mantenimiento del valor hist\u00f3rico.<\/p>\n<p>[\/et_pb_blurb][\/et_pb_column_inner][et_pb_column_inner type=\u00bb1_2&#8243; saved_specialty_column_type=\u00bb2_3&#8243; _builder_version=\u00bb4.16&#8243; _module_preset=\u00bb73121f80-a3ef-4484-8763-c3f18e3c56d2&#8243; hover_enabled=\u00bb0&#8243; global_colors_info=\u00bb{}\u00bb][et_pb_blurb title=\u00bbConsultor\u00eda Personalizada\u00bb use_icon=\u00bbon\u00bb font_icon=\u00bb&#xe04d;||divi||400&#8243; _builder_version=\u00bb4.24.3&#8243; _module_preset=\u00bb65059203-12d3-44f6-8371-3f5cf61a0475&#8243; hover_enabled=\u00bb0&#8243; locked=\u00bboff\u00bb global_colors_info=\u00bb{}\u00bb]<\/p>\n<p>Recibe asesoramiento experto sobre la gesti\u00f3n y expansi\u00f3n de tu colecci\u00f3n de sellos. Beneficios: estrategias personalizadas, optimizaci\u00f3n de recursos y soporte continuo.<\/p>\n<p>[\/et_pb_blurb][\/et_pb_column_inner][\/et_pb_row_inner][et_pb_row_inner _builder_version=\u00bb4.17.6&#8243; _module_preset=\u00bbdefault\u00bb hover_enabled=\u00bb0&#8243; locked=\u00bboff\u00bb global_colors_info=\u00bb{}\u00bb][et_pb_column_inner type=\u00bb4_4&#8243; saved_specialty_column_type=\u00bb2_3&#8243; _builder_version=\u00bb4.16&#8243; _module_preset=\u00bb73121f80-a3ef-4484-8763-c3f18e3c56d2&#8243; hover_enabled=\u00bb0&#8243; global_colors_info=\u00bb{}\u00bb][et_pb_button button_text=\u00bbConocer M\u00e1s\u00bb _builder_version=\u00bb4.23.1&#8243; _module_preset=\u00bb1bffc0fc-42a0-49d1-bd9a-ae3ade2d7206&#8243; hover_enabled=\u00bb0&#8243; global_colors_info=\u00bb{}\u00bb][\/et_pb_button][\/et_pb_column_inner][\/et_pb_row_inner][\/et_pb_column][et_pb_column type=\u00bb1_3&#8243; _builder_version=\u00bb4.16&#8243; _module_preset=\u00bb73121f80-a3ef-4484-8763-c3f18e3c56d2&#8243; custom_padding=\u00bb|||\u00bb hover_enabled=\u00bb0&#8243; global_colors_info=\u00bb{}\u00bb custom_padding__hover=\u00bb|||\u00bb][et_pb_image src=\u00bbhttps:\/\/digitalstamps.revertechs.com\/wp-content\/uploads\/2024\/07\/0-c55fde15-de16-442c-9e49-8533e4c7fbd5-800&#215;1080.jpg\u00bb title_text=\u00bb800&#215;1080&#8243; _builder_version=\u00bb4.24.3&#8243; _module_preset=\u00bb6ed8fd5c-62c5-4100-98c3-7b8b6d2c2ee6&#8243; hover_enabled=\u00bb0&#8243; locked=\u00bboff\u00bb global_colors_info=\u00bb{}\u00bb][\/et_pb_image][\/et_pb_column][\/et_pb_section][et_pb_section fb_built=\u00bb1&#8243; admin_label=\u00bbCall to Action\u00bb _builder_version=\u00bb4.23.1&#8243; _module_preset=\u00bbdefault\u00bb use_background_color_gradient=\u00bbon\u00bb background_color_gradient_stops=\u00bbrgba(0,0,0,0.75) 0%|rgba(0,0,0,0.75) 100%\u00bb background_color_gradient_overlays_image=\u00bbon\u00bb background_image=\u00bbhttps:\/\/digitalstamps.revertechs.com\/wp-content\/uploads\/2024\/07\/0-3ca1dfd2-eebe-40b8-905e-416a4ff087dc-1920&#215;1080.jpg\u00bb custom_padding=\u00bb8vw||8vw||true|false\u00bb hover_enabled=\u00bb0&#8243; locked=\u00bboff\u00bb template_type=\u00bbsection\u00bb collapsed=\u00bbon\u00bb global_colors_info=\u00bb{%22gcid-36fd78a7-34bc-404d-873c-dafa34efaae5%22:%91%22button_text_color%22%93}\u00bb][et_pb_row _builder_version=\u00bb4.23.1&#8243; _module_preset=\u00bb5138c454-be54-4233-bd3b-f8e6a8747976&#8243; width=\u00bb70%\u00bb max_width=\u00bbnone\u00bb hover_enabled=\u00bb0&#8243; global_colors_info=\u00bb{}\u00bb][et_pb_column type=\u00bb4_4&#8243; _builder_version=\u00bb4.17.6&#8243; _module_preset=\u00bb73121f80-a3ef-4484-8763-c3f18e3c56d2&#8243; hover_enabled=\u00bb0&#8243; global_colors_info=\u00bb{}\u00bb][et_pb_heading title=\u00bb\u00bfListo para Transformar tu Colecci\u00f3n?\u00bb _builder_version=\u00bb4.24.2&#8243; _module_preset=\u00bbddeb8c09-9078-4424-bc15-2efb6572e28e\u00bb title_text_align=\u00bbcenter\u00bb title_text_color=\u00bb#FFFFFF\u00bb hover_enabled=\u00bb0&#8243; global_colors_info=\u00bb{}\u00bb][\/et_pb_heading][et_pb_button button_text=\u00bbCont\u00e1ctanos Hoy\u00bb button_alignment=\u00bbcenter\u00bb _builder_version=\u00bb4.24.3&#8243; _module_preset=\u00bbab15fb74-61a3-43aa-96b3-41e09aeef654&#8243; hover_enabled=\u00bb0&#8243; locked=\u00bboff\u00bb global_colors_info=\u00bb{}\u00bb][\/et_pb_button][\/et_pb_column][\/et_pb_row][\/et_pb_section]<\/p>\n","protected":false},"excerpt":{"rendered":"<p>Descubre c\u00f3mo nuestros servicios de inform\u00e1tica aplicada a la filatelia pueden optimizar y proteger tu colecci\u00f3n de sellos.Organiza y gestiona tu colecci\u00f3n de sellos con nuestra avanzada herramienta de catalogaci\u00f3n digital. Beneficios: acceso r\u00e1pido, b\u00fasqueda eficiente y seguridad mejorada.Obt\u00e9n valoraciones precisas y actualizadas de tus sellos con nuestra tecnolog\u00eda de tasaci\u00f3n automatizada. Beneficios: precios justos, [&hellip;]<\/p>\n","protected":false},"author":1,"featured_media":0,"parent":0,"menu_order":0,"comment_status":"closed","ping_status":"closed","template":"","meta":{"_et_pb_use_builder":"on","_et_pb_old_content":"","_et_gb_content_width":"","footnotes":""},"class_list":["post-17","page","type-page","status-publish","hentry"],"_links":{"self":[{"href":"https:\/\/digitalstamps.revertechs.com\/index.php?rest_route=\/wp\/v2\/pages\/17","targetHints":{"allow":["GET"]}}],"collection":[{"href":"https:\/\/digitalstamps.revertechs.com\/index.php?rest_route=\/wp\/v2\/pages"}],"about":[{"href":"https:\/\/digitalstamps.revertechs.com\/index.php?rest_route=\/wp\/v2\/types\/page"}],"author":[{"embeddable":true,"href":"https:\/\/digitalstamps.revertechs.com\/index.php?rest_route=\/wp\/v2\/users\/1"}],"replies":[{"embeddable":true,"href":"https:\/\/digitalstamps.revertechs.com\/index.php?rest_route=%2Fwp%2Fv2%2Fcomments&post=17"}],"version-history":[{"count":1,"href":"https:\/\/digitalstamps.revertechs.com\/index.php?rest_route=\/wp\/v2\/pages\/17\/revisions"}],"predecessor-version":[{"id":40,"href":"https:\/\/digitalstamps.revertechs.com\/index.php?rest_route=\/wp\/v2\/pages\/17\/revisions\/40"}],"wp:attachment":[{"href":"https:\/\/digitalstamps.revertechs.com\/index.php?rest_route=%2Fwp%2Fv2%2Fmedia&parent=17"}],"curies":[{"name":"wp","href":"https:\/\/api.w.org\/{rel}","templated":true}]}}